{"id":2542,"date":"2026-03-28T21:02:16","date_gmt":"2026-03-28T21:02:16","guid":{"rendered":"https:\/\/engelntorf.silkegroth.de\/?page_id=2542"},"modified":"2026-03-29T16:47:38","modified_gmt":"2026-03-29T16:47:38","slug":"mein-impressum","status":"publish","type":"page","link":"https:\/\/engelntorf.silkegroth.de\/?page_id=2542","title":{"rendered":"Mein Impressum"},"content":{"rendered":"\n<p><strong> Angaben gem\u00e4\u00df \u00a7 5 DDG<\/strong><\/p>\n\n\n\n<p><strong>Silke Groth<\/strong><br>Autorin<br>Alvesser Stra\u00dfe 2E<br>38159 Vechelde<br>Deutschland<\/p>\n\n\n\n<h3 class=\"wp-block-heading\">Kontakt<\/h3>\n\n\n\n<p>E-Mail: <a href=\"mailto:silkeg866@gmail.de\">silkeg866@gmail.de<\/a><br>Webseite: <a href=\"https:\/\/silkegroth.de\" target=\"_blank\" rel=\"noreferrer noopener\">https:\/\/silkegroth.de<\/a><\/p>\n\n\n\n<h3 class=\"wp-block-heading\">Verantwortlich f\u00fcr den Inhalt nach \u00a7 18 Abs. 2 MStV<\/h3>\n\n\n\n<p>Silke Groth<br>Alvesser Stra\u00dfe 2E<br>38159 Vechelde<\/p>\n\n\n\n<h3 class=\"wp-block-heading\"><\/h3>\n\n\n\n<h3 class=\"wp-block-heading\">Haftung f\u00fcr Inhalte<\/h3>\n\n\n\n<p>Die Inhalte dieser Webseite wurden mit gr\u00f6\u00dfter Sorgfalt erstellt. F\u00fcr die Richtigkeit, Vollst\u00e4ndigkeit und Aktualit\u00e4t der Inhalte \u00fcbernehme ich jedoch keine Gew\u00e4hr.<\/p>\n\n\n\n<p>Als Diensteanbieterin bin ich gem\u00e4\u00df \u00a7 7 Abs. 1 DDG f\u00fcr eigene Inhalte auf diesen Seiten nach den allgemeinen Gesetzen verantwortlich. Nach \u00a7\u00a7 8 bis 10 DDG bin ich jedoch nicht verpflichtet, \u00fcbermittelte oder gespeicherte fremde Informationen zu \u00fcberwachen oder nach Umst\u00e4nden zu forschen, die auf eine rechtswidrige T\u00e4tigkeit hinweisen.<\/p>\n\n\n\n<p>Verpflichtungen zur Entfernung oder Sperrung der Nutzung von Informationen nach den allgemeinen Gesetzen bleiben hiervon unber\u00fchrt. Eine diesbez\u00fcgliche Haftung ist jedoch erst ab dem Zeitpunkt der Kenntnis einer konkreten Rechtsverletzung m\u00f6glich. Bei Bekanntwerden entsprechender Rechtsverletzungen werde ich diese Inhalte umgehend entfernen.<\/p>\n\n\n\n<h3 class=\"wp-block-heading\">Haftung f\u00fcr Links<\/h3>\n\n\n\n<p>Mein Angebot enth\u00e4lt Links zu externen Webseiten Dritter, auf deren Inhalte ich keinen Einfluss habe. Daher kann ich f\u00fcr diese fremden Inhalte auch keine Gew\u00e4hr \u00fcbernehmen. F\u00fcr die Inhalte der verlinkten Seiten ist stets der jeweilige Anbieter oder Betreiber der Seiten verantwortlich.<\/p>\n\n\n\n<p>Zum Zeitpunkt der Verlinkung wurden die Seiten auf m\u00f6gliche Rechtsverst\u00f6\u00dfe \u00fcberpr\u00fcft. Rechtswidrige Inhalte waren zu diesem Zeitpunkt nicht erkennbar. Eine permanente inhaltliche Kontrolle ist jedoch ohne konkrete Hinweise auf eine Rechtsverletzung nicht zumutbar. Bei Bekanntwerden von Rechtsverletzungen werde ich derartige Links umgehend entfernen.<\/p>\n\n\n\n<h3 class=\"wp-block-heading\">Urheberrecht<\/h3>\n\n\n\n<p>Die durch die Seitenbetreiberin erstellten Inhalte und Werke auf dieser Website unterliegen dem deutschen Urheberrecht. Die Vervielf\u00e4ltigung, Bearbeitung, Verbreitung oder sonstige Verwertung au\u00dferhalb der Grenzen des Urheberrechts bed\u00fcrfen der schriftlichen Zustimmung der Autorin.<\/p>\n\n\n\n<p>Downloads und Kopien dieser Seite sind nur f\u00fcr den privaten, nicht kommerziellen Gebrauch gestattet. Alle Rechte vorbehalten.<\/p>\n\n\n\n<h3 class=\"wp-block-heading\">Bildrechte<\/h3>\n\n\n\n<p>Alle auf dieser Website verwendeten Bilder (sofern nicht anders gekennzeichnet) stammen von:<br><strong>Silke Groth<\/strong><\/p>\n\n\n\n<p>Bildrechte zu Fotos in Blogbeitr\u00e4gen sind in den jeweiligen Beitr\u00e4gen vermerkt.<\/p>\n\n\n\n<p>Dieses Impressum gilt auch f\u00fcr Instagram : https:\/\/www.instagram.com\/silke_in_engeln_torf\/<\/p>\n\n\n\n<p><\/p>\n","protected":false},"excerpt":{"rendered":"<p>Angaben gem\u00e4\u00df \u00a7 5 DDG Silke GrothAutorinAlvesser Stra\u00dfe 2E38159 VecheldeDeutschland Kontakt E-Mail: silkeg866@gmail.deWebseite: https:\/\/silkegroth.de Verantwortlich f\u00fcr den Inhalt nach \u00a7 [&hellip;]<\/p>\n","protected":false},"author":1,"featured_media":0,"parent":0,"menu_order":0,"comment_status":"closed","ping_status":"closed","template":"","meta":{"_monsterinsights_skip_tracking":false,"_monsterinsights_sitenote_active":false,"_monsterinsights_sitenote_note":"","_monsterinsights_sitenote_category":0,"site-sidebar-layout":"default","site-content-layout":"","ast-site-content-layout":"default","site-content-style":"default","site-sidebar-style":"default","ast-global-header-display":"","ast-banner-title-visibility":"","ast-main-header-display":"","ast-hfb-above-header-display":"","ast-hfb-below-header-display":"","ast-hfb-mobile-header-display":"","site-post-title":"","ast-breadcrumbs-content":"","ast-featured-img":"","footer-sml-layout":"","ast-disable-related-posts":"","theme-transparent-header-meta":"","adv-header-id-meta":"","stick-header-meta":"","header-above-stick-meta":"","header-main-stick-meta":"","header-below-stick-meta":"","astra-migrate-meta-layouts":"default","ast-page-background-enabled":"default","ast-page-background-meta":{"desktop":{"background-color":"var(--ast-global-color-5)","background-image":"","background-repeat":"repeat","background-position":"center center","background-size":"auto","background-attachment":"scroll","background-type":"","background-media":"","overlay-type":"","overlay-color":"","overlay-opacity":"","overlay-gradient":""},"tablet":{"background-color":"","background-image":"","background-repeat":"repeat","background-position":"center center","background-size":"auto","background-attachment":"scroll","background-type":"","background-media":"","overlay-type":"","overlay-color":"","overlay-opacity":"","overlay-gradient":""},"mobile":{"background-color":"","background-image":"","background-repeat":"repeat","background-position":"center center","background-size":"auto","background-attachment":"scroll","background-type":"","background-media":"","overlay-type":"","overlay-color":"","overlay-opacity":"","overlay-gradient":""}},"ast-content-background-meta":{"desktop":{"background-color":"var(--ast-global-color-4)","background-image":"","background-repeat":"repeat","background-position":"center center","background-size":"auto","background-attachment":"scroll","background-type":"","background-media":"","overlay-type":"","overlay-color":"","overlay-opacity":"","overlay-gradient":""},"tablet":{"background-color":"var(--ast-global-color-4)","background-image":"","background-repeat":"repeat","background-position":"center center","background-size":"auto","background-attachment":"scroll","background-type":"","background-media":"","overlay-type":"","overlay-color":"","overlay-opacity":"","overlay-gradient":""},"mobile":{"background-color":"var(--ast-global-color-4)","background-image":"","background-repeat":"repeat","background-position":"center center","background-size":"auto","background-attachment":"scroll","background-type":"","background-media":"","overlay-type":"","overlay-color":"","overlay-opacity":"","overlay-gradient":""}},"footnotes":""},"class_list":["post-2542","page","type-page","status-publish","hentry"],"yoast_head":"<!-- This site is optimized with the Yoast SEO plugin v27.3 - https:\/\/yoast.com\/product\/yoast-seo-wordpress\/ -->\n<title>Mein Impressum - Silke_in_Engelntorf<\/title>\n<meta name=\"description\" content=\"Silke_in_Engelntorf Mein Impressum - ladungsf\u00e4hige Adresse, Haftung, Urheberrecht, Impressum, Bildrechte\" \/>\n<meta name=\"robots\" content=\"index, follow, max-snippet:-1, max-image-preview:large, max-video-preview:-1\" \/>\n<link rel=\"canonical\" href=\"https:\/\/engelntorf.silkegroth.de\/?page_id=2542\" \/>\n<meta property=\"og:locale\" content=\"de_DE\" \/>\n<meta property=\"og:type\" content=\"article\" \/>\n<meta property=\"og:title\" content=\"Mein Impressum - Silke_in_Engelntorf\" \/>\n<meta property=\"og:description\" content=\"Silke_in_Engelntorf Mein Impressum - ladungsf\u00e4hige Adresse, Haftung, Urheberrecht, Impressum, Bildrechte\" \/>\n<meta property=\"og:url\" content=\"https:\/\/engelntorf.silkegroth.de\/?page_id=2542\" \/>\n<meta property=\"og:site_name\" content=\"Silke_in_Engelntorf\" \/>\n<meta property=\"article:modified_time\" content=\"2026-03-29T16:47:38+00:00\" \/>\n<meta name=\"twitter:card\" content=\"summary_large_image\" \/>\n<meta name=\"twitter:label1\" content=\"Gesch\u00e4tzte Lesezeit\" \/>\n\t<meta name=\"twitter:data1\" content=\"2\u00a0Minuten\" \/>\n<script type=\"application\/ld+json\" class=\"yoast-schema-graph\">{\"@context\":\"https:\\\/\\\/schema.org\",\"@graph\":[{\"@type\":\"WebPage\",\"@id\":\"https:\\\/\\\/engelntorf.silkegroth.de\\\/?page_id=2542\",\"url\":\"https:\\\/\\\/engelntorf.silkegroth.de\\\/?page_id=2542\",\"name\":\"Mein Impressum - Silke_in_Engelntorf\",\"isPartOf\":{\"@id\":\"https:\\\/\\\/engelntorf.silkegroth.de\\\/#website\"},\"datePublished\":\"2026-03-28T21:02:16+00:00\",\"dateModified\":\"2026-03-29T16:47:38+00:00\",\"description\":\"Silke_in_Engelntorf Mein Impressum - ladungsf\u00e4hige Adresse, Haftung, Urheberrecht, Impressum, Bildrechte\",\"breadcrumb\":{\"@id\":\"https:\\\/\\\/engelntorf.silkegroth.de\\\/?page_id=2542#breadcrumb\"},\"inLanguage\":\"de\",\"potentialAction\":[{\"@type\":\"ReadAction\",\"target\":[\"https:\\\/\\\/engelntorf.silkegroth.de\\\/?page_id=2542\"]}]},{\"@type\":\"BreadcrumbList\",\"@id\":\"https:\\\/\\\/engelntorf.silkegroth.de\\\/?page_id=2542#breadcrumb\",\"itemListElement\":[{\"@type\":\"ListItem\",\"position\":1,\"name\":\"Startseite\",\"item\":\"https:\\\/\\\/engelntorf.silkegroth.de\\\/\"},{\"@type\":\"ListItem\",\"position\":2,\"name\":\"Mein Impressum\"}]},{\"@type\":\"WebSite\",\"@id\":\"https:\\\/\\\/engelntorf.silkegroth.de\\\/#website\",\"url\":\"https:\\\/\\\/engelntorf.silkegroth.de\\\/\",\"name\":\"Silke_in_Engelntorf\",\"description\":\"Engelntorf gibt es nicht, darum erfinde ich es f\u00fcr dich\",\"publisher\":{\"@id\":\"https:\\\/\\\/engelntorf.silkegroth.de\\\/#\\\/schema\\\/person\\\/267d45dc7ffb881027853de3ade14a3a\"},\"potentialAction\":[{\"@type\":\"SearchAction\",\"target\":{\"@type\":\"EntryPoint\",\"urlTemplate\":\"https:\\\/\\\/engelntorf.silkegroth.de\\\/?s={search_term_string}\"},\"query-input\":{\"@type\":\"PropertyValueSpecification\",\"valueRequired\":true,\"valueName\":\"search_term_string\"}}],\"inLanguage\":\"de\"},{\"@type\":[\"Person\",\"Organization\"],\"@id\":\"https:\\\/\\\/engelntorf.silkegroth.de\\\/#\\\/schema\\\/person\\\/267d45dc7ffb881027853de3ade14a3a\",\"name\":\"silkegro\",\"image\":{\"@type\":\"ImageObject\",\"inLanguage\":\"de\",\"@id\":\"https:\\\/\\\/engelntorf.silkegroth.de\\\/wp-content\\\/uploads\\\/2025\\\/10\\\/cropped-Design-ohne-Titel.jpg\",\"url\":\"https:\\\/\\\/engelntorf.silkegroth.de\\\/wp-content\\\/uploads\\\/2025\\\/10\\\/cropped-Design-ohne-Titel.jpg\",\"contentUrl\":\"https:\\\/\\\/engelntorf.silkegroth.de\\\/wp-content\\\/uploads\\\/2025\\\/10\\\/cropped-Design-ohne-Titel.jpg\",\"width\":512,\"height\":512,\"caption\":\"silkegro\"},\"logo\":{\"@id\":\"https:\\\/\\\/engelntorf.silkegroth.de\\\/wp-content\\\/uploads\\\/2025\\\/10\\\/cropped-Design-ohne-Titel.jpg\"}}]}<\/script>\n<!-- \/ Yoast SEO plugin. -->","yoast_head_json":{"title":"Mein Impressum - Silke_in_Engelntorf","description":"Silke_in_Engelntorf Mein Impressum - ladungsf\u00e4hige Adresse, Haftung, Urheberrecht, Impressum, Bildrechte","robots":{"index":"index","follow":"follow","max-snippet":"max-snippet:-1","max-image-preview":"max-image-preview:large","max-video-preview":"max-video-preview:-1"},"canonical":"https:\/\/engelntorf.silkegroth.de\/?page_id=2542","og_locale":"de_DE","og_type":"article","og_title":"Mein Impressum - Silke_in_Engelntorf","og_description":"Silke_in_Engelntorf Mein Impressum - ladungsf\u00e4hige Adresse, Haftung, Urheberrecht, Impressum, Bildrechte","og_url":"https:\/\/engelntorf.silkegroth.de\/?page_id=2542","og_site_name":"Silke_in_Engelntorf","article_modified_time":"2026-03-29T16:47:38+00:00","twitter_card":"summary_large_image","twitter_misc":{"Gesch\u00e4tzte Lesezeit":"2\u00a0Minuten"},"schema":{"@context":"https:\/\/schema.org","@graph":[{"@type":"WebPage","@id":"https:\/\/engelntorf.silkegroth.de\/?page_id=2542","url":"https:\/\/engelntorf.silkegroth.de\/?page_id=2542","name":"Mein Impressum - Silke_in_Engelntorf","isPartOf":{"@id":"https:\/\/engelntorf.silkegroth.de\/#website"},"datePublished":"2026-03-28T21:02:16+00:00","dateModified":"2026-03-29T16:47:38+00:00","description":"Silke_in_Engelntorf Mein Impressum - ladungsf\u00e4hige Adresse, Haftung, Urheberrecht, Impressum, Bildrechte","breadcrumb":{"@id":"https:\/\/engelntorf.silkegroth.de\/?page_id=2542#breadcrumb"},"inLanguage":"de","potentialAction":[{"@type":"ReadAction","target":["https:\/\/engelntorf.silkegroth.de\/?page_id=2542"]}]},{"@type":"BreadcrumbList","@id":"https:\/\/engelntorf.silkegroth.de\/?page_id=2542#breadcrumb","itemListElement":[{"@type":"ListItem","position":1,"name":"Startseite","item":"https:\/\/engelntorf.silkegroth.de\/"},{"@type":"ListItem","position":2,"name":"Mein Impressum"}]},{"@type":"WebSite","@id":"https:\/\/engelntorf.silkegroth.de\/#website","url":"https:\/\/engelntorf.silkegroth.de\/","name":"Silke_in_Engelntorf","description":"Engelntorf gibt es nicht, darum erfinde ich es f\u00fcr dich","publisher":{"@id":"https:\/\/engelntorf.silkegroth.de\/#\/schema\/person\/267d45dc7ffb881027853de3ade14a3a"},"potentialAction":[{"@type":"SearchAction","target":{"@type":"EntryPoint","urlTemplate":"https:\/\/engelntorf.silkegroth.de\/?s={search_term_string}"},"query-input":{"@type":"PropertyValueSpecification","valueRequired":true,"valueName":"search_term_string"}}],"inLanguage":"de"},{"@type":["Person","Organization"],"@id":"https:\/\/engelntorf.silkegroth.de\/#\/schema\/person\/267d45dc7ffb881027853de3ade14a3a","name":"silkegro","image":{"@type":"ImageObject","inLanguage":"de","@id":"https:\/\/engelntorf.silkegroth.de\/wp-content\/uploads\/2025\/10\/cropped-Design-ohne-Titel.jpg","url":"https:\/\/engelntorf.silkegroth.de\/wp-content\/uploads\/2025\/10\/cropped-Design-ohne-Titel.jpg","contentUrl":"https:\/\/engelntorf.silkegroth.de\/wp-content\/uploads\/2025\/10\/cropped-Design-ohne-Titel.jpg","width":512,"height":512,"caption":"silkegro"},"logo":{"@id":"https:\/\/engelntorf.silkegroth.de\/wp-content\/uploads\/2025\/10\/cropped-Design-ohne-Titel.jpg"}}]}},"_links":{"self":[{"href":"https:\/\/engelntorf.silkegroth.de\/index.php?rest_route=\/wp\/v2\/pages\/2542","targetHints":{"allow":["GET"]}}],"collection":[{"href":"https:\/\/engelntorf.silkegroth.de\/index.php?rest_route=\/wp\/v2\/pages"}],"about":[{"href":"https:\/\/engelntorf.silkegroth.de\/index.php?rest_route=\/wp\/v2\/types\/page"}],"author":[{"embeddable":true,"href":"https:\/\/engelntorf.silkegroth.de\/index.php?rest_route=\/wp\/v2\/users\/1"}],"replies":[{"embeddable":true,"href":"https:\/\/engelntorf.silkegroth.de\/index.php?rest_route=%2Fwp%2Fv2%2Fcomments&post=2542"}],"version-history":[{"count":3,"href":"https:\/\/engelntorf.silkegroth.de\/index.php?rest_route=\/wp\/v2\/pages\/2542\/revisions"}],"predecessor-version":[{"id":2548,"href":"https:\/\/engelntorf.silkegroth.de\/index.php?rest_route=\/wp\/v2\/pages\/2542\/revisions\/2548"}],"wp:attachment":[{"href":"https:\/\/engelntorf.silkegroth.de\/index.php?rest_route=%2Fwp%2Fv2%2Fmedia&parent=2542"}],"curies":[{"name":"wp","href":"https:\/\/api.w.org\/{rel}","templated":true}]}}